{"id":71,"date":"2020-09-26T13:42:03","date_gmt":"2020-09-26T13:42:03","guid":{"rendered":"https:\/\/dreherei-bott.de\/?page_id=71"},"modified":"2020-09-27T14:17:47","modified_gmt":"2020-09-27T14:17:47","slug":"impressum","status":"publish","type":"page","link":"https:\/\/dreherei-bott.de\/?page_id=71","title":{"rendered":"Impressum"},"content":{"rendered":"\n<p>Dreherei Bott<br>Mosbacher Strasse 5<br><a rel=\"noreferrer noopener\" href=\"tel:68259\" target=\"_blank\">68259<\/a>\u00a0Mannheim<\/p>\n\n\n\n<p>Telefon:&nbsp;<a href=\"tel:+49621711476\" target=\"_blank\" rel=\"noreferrer noopener\">+49 621 711476<\/a><br>Telefax:&nbsp;<a href=\"tel:+49621704258\" target=\"_blank\" rel=\"noreferrer noopener\">+49 621 704258<\/a><br>E-Mail:&nbsp;<a href=\"mailto:info@dreherei-bott.de\" target=\"_blank\" rel=\"noreferrer noopener\">info@dreherei-bott.de<\/a><\/p>\n\n\n\n<p>Vertretungsberechtigter: J\u00fcrgen Bott<\/p>\n\n\n\n<p>Umsatzsteuer-Identifikationsnummer gem\u00e4\u00df \u00a7 27a Umsatzsteuergesetz: DE<a href=\"tel:172345677\" target=\"_blank\" rel=\"noreferrer noopener\">172345677<\/a><\/p>\n\n\n\n<p>Inhaltlich Verantwortlicher gem\u00e4\u00df \u00a7 6 Abs. 2 MDStV: J\u00fcrgen Bott<\/p>\n\n\n\n<p>Copyright<br>F\u00fcr alle Texte und Bilder dieser Website liegt das Copyright bei der Dreherei Bott oder es liegt die ausdr\u00fcckliche Zustimmung des Copyright-Inhabers vor oder dieser war trotz aller Bem\u00fchungen nicht auffindbar. Berechtigten Copyrightanspr\u00fcchen wird sofort entsprochen. Texte und Bilder d\u00fcrfen nicht ohne ausdr\u00fcckliche Zustimmung der Dreherei Bott oder des jeweiligen Copyright-Inhabers genutzt und\/oder weiterverwendet werden.<\/p>\n\n\n\n<p>Zitate in \u00fcblicher Form sind zul\u00e4ssig.<\/p>\n\n\n\n<p>Links auf diese Website sind erw\u00fcnscht.<\/p>\n","protected":false},"excerpt":{"rendered":"<p>Dreherei BottMosbacher Strasse 568259\u00a0Mannheim Telefon:&nbsp;+49 621 711476Telefax:&nbsp;+49 621 704258E-Mail:&nbsp;info@dreherei-bott.de Vertretungsberechtigter: J\u00fcrgen Bott Umsatzsteuer-Identifikationsnummer gem\u00e4\u00df \u00a7 27a Umsatzsteuergesetz: DE172345677 Inhaltlich Verantwortlicher gem\u00e4\u00df \u00a7 6 Abs. 2 MDStV: J\u00fcrgen Bott CopyrightF\u00fcr alle &#8230;<\/p>\n","protected":false},"author":1,"featured_media":0,"parent":0,"menu_order":11,"comment_status":"closed","ping_status":"closed","template":"","meta":{"footnotes":""},"class_list":["post-71","page","type-page","status-publish","hentry"],"_links":{"self":[{"href":"https:\/\/dreherei-bott.de\/index.php?rest_route=\/wp\/v2\/pages\/71","targetHints":{"allow":["GET"]}}],"collection":[{"href":"https:\/\/dreherei-bott.de\/index.php?rest_route=\/wp\/v2\/pages"}],"about":[{"href":"https:\/\/dreherei-bott.de\/index.php?rest_route=\/wp\/v2\/types\/page"}],"author":[{"embeddable":true,"href":"https:\/\/dreherei-bott.de\/index.php?rest_route=\/wp\/v2\/users\/1"}],"replies":[{"embeddable":true,"href":"https:\/\/dreherei-bott.de\/index.php?rest_route=%2Fwp%2Fv2%2Fcomments&post=71"}],"version-history":[{"count":1,"href":"https:\/\/dreherei-bott.de\/index.php?rest_route=\/wp\/v2\/pages\/71\/revisions"}],"predecessor-version":[{"id":72,"href":"https:\/\/dreherei-bott.de\/index.php?rest_route=\/wp\/v2\/pages\/71\/revisions\/72"}],"wp:attachment":[{"href":"https:\/\/dreherei-bott.de\/index.php?rest_route=%2Fwp%2Fv2%2Fmedia&parent=71"}],"curies":[{"name":"wp","href":"https:\/\/api.w.org\/{rel}","templated":true}]}}