{"id":69,"date":"2020-09-26T13:40:27","date_gmt":"2020-09-26T13:40:27","guid":{"rendered":"https:\/\/dreherei-bott.de\/?page_id=69"},"modified":"2020-09-27T15:42:38","modified_gmt":"2020-09-27T15:42:38","slug":"datenschutzerklaerung","status":"publish","type":"page","link":"https:\/\/dreherei-bott.de\/?page_id=69","title":{"rendered":"Datenschutzerkl\u00e4rung"},"content":{"rendered":"\n<p>Verantwortliche Stelle im Sinne der Datenschutzgesetze, insbesondere der EU-Datenschutzgrundverordnung (DSGVO), ist:<\/p>\n\n\n\n<p>Dreherei Bott Inhaber J\u00fcrgen Bott<\/p>\n\n\n\n<p>Ihre Betroffenenrechte<br>Unter den angegebenen Kontaktdaten unseres Datenschutzbeauftragten k\u00f6nnen Sie jederzeit folgende Rechte aus\u00fcben:<\/p>\n\n\n\n<p>Auskunft \u00fcber Ihre bei uns gespeicherten Daten und deren Verarbeitung,<br>Berichtigung unrichtiger personenbezogener Daten,<br>L\u00f6schung Ihrer bei uns gespeicherten Daten,<br>Einschr\u00e4nkung der Datenverarbeitung, sofern wir Ihre Daten aufgrund gesetzlicher Pflichten noch nicht l\u00f6schen d\u00fcrfen,<br>Widerspruch gegen die Verarbeitung Ihrer Daten bei uns und<br>Daten\u00fcbertragbarkeit, sofern Sie in die Datenverarbeitung eingewilligt haben oder einen Vertrag mit uns abgeschlossen haben.<br>Sofern Sie uns eine Einwilligung erteilt haben, k\u00f6nnen Sie diese jederzeit mit Wirkung f\u00fcr die Zukunft widerrufen.<\/p>\n\n\n\n<p>Sie k\u00f6nnen sich jederzeit mit einer Beschwerde an die f\u00fcr Sie zust\u00e4ndige Aufsichtsbeh\u00f6rde wenden. Ihre zust\u00e4ndige Aufsichtsbeh\u00f6rde richtet sich nach dem Bundesland Ihres Wohnsitzes, Ihrer Arbeit oder der mutma\u00dflichen Verletzung. Eine Liste der Aufsichtsbeh\u00f6rden (f\u00fcr den nicht\u00f6ffentlichen Bereich) mit Anschrift finden Sie unter:&nbsp;<a href=\"https:\/\/www.bfdi.bund.de\/DE\/Infothek\/Anschriften_Links\/anschriften_links-node.html\" target=\"_blank\" rel=\"noreferrer noopener\">https:\/\/www.bfdi.bund.de\/DE\/Infothek\/Anschriften_Links\/anschriften_links-node.html<\/a>.<\/p>\n\n\n\n<p>Zwecke der Datenverarbeitung durch die verantwortliche Stelle und Dritte<br>Wir verarbeiten Ihre personenbezogenen Daten nur zu den in dieser Datenschutzerkl\u00e4rung genannten Zwecken. Eine \u00dcbermittlung Ihrer pers\u00f6nlichen Daten an Dritte zu anderen als den genannten Zwecken findet nicht statt. Wir geben Ihre pers\u00f6nlichen Daten nur an Dritte weiter, wenn:<\/p>\n\n\n\n<p>Sie Ihre ausdr\u00fcckliche Einwilligung dazu erteilt haben,<br>die Verarbeitung zur Abwicklung eines Vertrags mit Ihnen erforderlich ist,<br>die Verarbeitung zur Erf\u00fcllung einer rechtlichen Verpflichtung erforderlich ist,<br>die Verarbeitung zur Wahrung berechtigter Interessen erforderlich ist und kein Grund zur Annahme besteht, dass Sie ein \u00fcberwiegendes schutzw\u00fcrdiges Interesse an der Nichtweitergabe Ihrer Daten haben.<\/p>\n\n\n\n<p>L\u00f6schung bzw. Sperrung der Daten<br>Wir halten uns an die Grunds\u00e4tze der Datenvermeidung und Datensparsamkeit. Wir speichern Ihre personenbezogenen Daten daher nur so lange, wie dies zur Erreichung der hier genannten Zwecke erforderlich ist oder wie es die vom Gesetzgeber vorgesehenen vielf\u00e4ltigen Speicherfristen vorsehen. Nach Fortfall des jeweiligen Zweckes bzw. Ablauf dieser Fristen werden die entsprechenden Daten routinem\u00e4\u00dfig und entsprechend den gesetzlichen Vorschriften gesperrt oder gel\u00f6scht.<\/p>\n\n\n\n<p>Erfassung allgemeiner Informationen beim Besuch unserer Website<br>Wenn Sie auf unsere Website zugreifen, werden automatisch mittels eines Cookies Informationen allgemeiner Natur erfasst. Diese Informationen (Server-Logfiles) beinhalten etwa die Art des Webbrowsers, das verwendete Betriebssystem, den Domainnamen Ihres Internet-Service-Providers und \u00e4hnliches. Hierbei handelt es sich ausschlie\u00dflich um Informationen, welche keine R\u00fcckschl\u00fcsse auf Ihre Person zulassen.<\/p>\n\n\n\n<p>Diese Informationen sind technisch notwendig, um von Ihnen angeforderte Inhalte von Webseiten korrekt auszuliefern und fallen bei Nutzung des Internets zwingend an. Sie werden insbesondere zu folgenden Zwecken verarbeitet:<\/p>\n\n\n\n<p>Sicherstellung eines problemlosen Verbindungsaufbaus der Website,<br>Sicherstellung einer reibungslosen Nutzung unserer Website,<br>Auswertung der Systemsicherheit und -stabilit\u00e4t sowie<br>zu weiteren administrativen Zwecken.<br>Die Verarbeitung Ihrer personenbezogenen Daten basiert auf unserem berechtigten Interesse aus den vorgenannten Zwecken zur Datenerhebung. Wir verwenden Ihre Daten nicht, um R\u00fcckschl\u00fcsse auf Ihre Person zu ziehen. Empf\u00e4nger der Daten sind nur die verantwortliche Stelle und ggf. Auftragsverarbeiter.<\/p>\n\n\n\n<p>Anonyme Informationen dieser Art werden von uns ggfs. statistisch ausgewertet, um unseren Internetauftritt und die dahinterstehende Technik zu optimieren.<\/p>\n\n\n\n<p>Kontaktformular<br>Treten Sie bzgl. Fragen jeglicher Art per E-Mail oder Kontaktformular mit uns in Kontakt, erteilen Sie uns zum Zwecke der Kontaktaufnahme Ihre freiwillige Einwilligung. Hierf\u00fcr ist die Angabe einer validen E-Mail-Adresse erforderlich. Diese dient der Zuordnung der Anfrage und der anschlie\u00dfenden Beantwortung derselben. Die Angabe weiterer Daten ist optional. Die von Ihnen gemachten Angaben werden zum Zwecke der Bearbeitung der Anfrage sowie f\u00fcr m\u00f6gliche Anschlussfragen gespeichert. Nach Erledigung der von Ihnen gestellten Anfrage werden personenbezogene Daten automatisch gel\u00f6scht.<\/p>\n\n\n\n<p>SSL-Verschl\u00fcsselung<br>Um die Sicherheit Ihrer Daten bei der \u00dcbertragung zu sch\u00fctzen, verwenden wir dem aktuellen Stand der Technik entsprechende Verschl\u00fcsselungsverfahren (z. B. SSL) \u00fcber HTTPS.<\/p>\n\n\n\n<p>\u00c4nderung unserer Datenschutzbestimmungen<br>Wir behalten uns vor, diese Datenschutzerkl\u00e4rung anzupassen, damit sie stets den aktuellen rechtlichen Anforderungen entspricht oder um \u00c4nderungen unserer Leistungen in der Datenschutzerkl\u00e4rung umzusetzen, z.B. bei der Einf\u00fchrung neuer Services. F\u00fcr Ihren erneuten Besuch gilt dann die neue Datenschutzerkl\u00e4rung.<\/p>\n\n\n\n<p>Fragen an den Datenschutzbeauftragten<br>Wenn Sie Fragen zum Datenschutz haben, schreiben Sie uns bitte eine E-Mail oder wenden Sie sich direkt an die f\u00fcr den Datenschutz verantwortliche Person in unserer Organisation.<\/p>\n\n\n\n<p>Dreherei Bott Inhaber J\u00fcrgen Bott<\/p>\n\n\n\n<p>Die Datenschutzerkl\u00e4rung wurde mit dem Datenschutzerkl\u00e4rungs-Generator der activeMind AG erstellt<\/p>\n\n\n\n<h2 class=\"wp-block-heading\">Google Maps Datenschutzerkl\u00e4rung<\/h2>\n\n\n\n<p>Wir ben\u00fctzen auf unserer Website Google Maps der Firma Google Inc. F\u00fcr den europ\u00e4ischen Raum ist das Unternehmen Google Ireland Limited (Gordon House, Barrow Street Dublin 4, Irland) f\u00fcr alle Google-Dienste verantwortlich. Mit Google Maps k\u00f6nnen wir Ihnen Standorte besser zeigen und damit unser Service an Ihre Bed\u00fcrfnisse anpassen. Durch die Verwendung von Google Maps werden Daten an Google \u00fcbertragen und auf den Google-Servern gespeichert. Hier wollen wir nun genauer darauf eingehen, was Google Maps ist, warum wir diesen Google-Dienst in Anspruch nehmen, welche Daten gespeichert werden und wie Sie dies unterbinden k\u00f6nnen.<\/p>\n\n\n\n<h3 class=\"wp-block-heading\">Was ist Google Maps?<\/h3>\n\n\n\n<p>Google Maps ist ein Internet-Kartendienst der Firma Google. Mit Google Maps k\u00f6nnen Sie online \u00fcber einen PC, ein Tablet oder eine App genaue Standorte von St\u00e4dten, Sehensw\u00fcrdigkeiten, Unterk\u00fcnften oder Unternehmen suchen. Wenn Unternehmen auf Google My Business vertreten sind, werden neben dem Standort noch weitere Informationen \u00fcber die Firma angezeigt. Um die Anfahrtsm\u00f6glichkeit anzuzeigen, k\u00f6nnen Kartenausschnitte eines Standorts mittels HTML-Code in eine Website eingebunden werden. Google Maps zeigt die Erdoberfl\u00e4che als Stra\u00dfenkarte oder als Luft- bzw. Satellitenbild. Dank der Street View Bilder und den hochwertigen Satellitenbildern sind sehr genaue Darstellungen m\u00f6glich.<\/p>\n\n\n\n<h3 class=\"wp-block-heading\">Warum verwenden wir Google Maps auf unserer Webseite?<\/h3>\n\n\n\n<p>All unsere Bem\u00fchungen auf dieser Seite verfolgen das Ziel, Ihnen eine n\u00fctzliche und sinnvolle Zeit auf unserer Webseite zu bieten. Durch die Einbindung von Google Maps k\u00f6nnen wir Ihnen die wichtigsten Informationen zu diversen Standorten liefern. Sie sehen auf einen Blick wo wir unseren Firmensitz haben. Die Wegbeschreibung zeigt Ihnen immer den besten bzw. schnellsten Weg zu uns. Sie k\u00f6nnen den Anfahrtsweg f\u00fcr Routen mit dem Auto, mit \u00f6ffentlichen Verkehrsmitteln, zu Fu\u00df oder mit dem Fahrrad abrufen. F\u00fcr uns ist die Bereitstellung von Google Maps Teil unseres Kundenservice.<\/p>\n\n\n\n<h3 class=\"wp-block-heading\">Welche Daten werden von Google Maps gespeichert?<\/h3>\n\n\n\n<p>Damit Google Maps ihren Dienst vollst\u00e4ndig anbieten kann, muss das Unternehmen Daten von Ihnen aufnehmen und speichern. Dazu z\u00e4hlen unter anderem die eingegebenen Suchbegriffe, Ihre IP-Adresse und auch die Breiten- bzw. L\u00e4ngenkoordinaten. Benutzen Sie die Routenplaner-Funktion wird auch die eingegebene Startadresse gespeichert. Diese Datenspeicherung passiert allerdings auf den Webseiten von Google Maps. Wir k\u00f6nnen Sie dar\u00fcber nur informieren, aber keinen Einfluss nehmen. Da wir Google Maps in unsere Webseite eingebunden haben, setzt Google mindestens ein Cookie (Name: NID) in Ihrem Browser. Dieses Cookie speichert Daten \u00fcber Ihr Userverhalten. Google nutzt diese Daten in erster Linie, um eigene Dienste zu optimieren und individuelle, personalisierte Werbung f\u00fcr Sie bereitzustellen.<\/p>\n\n\n\n<p>Folgendes Cookie wird aufgrund der Einbindung von Google Maps in Ihrem Browser gesetzt:<\/p>\n\n\n\n<p><strong>Name:<\/strong>&nbsp;NID<br><strong>Wert:<\/strong>&nbsp;188=h26c1Ktha7fCQTx8rXgLyATyITJ311216575-5<br><strong>Verwendungszweck:<\/strong>&nbsp;NID wird von Google verwendet, um Werbeanzeigen an Ihre Google-Suche anzupassen. Mit Hilfe des Cookies \u201eerinnert\u201c sich Google an Ihre am h\u00e4ufigsten eingegebenen Suchanfragen oder Ihre fr\u00fchere Interaktion mit Anzeigen. So bekommen Sie immer ma\u00dfgeschneiderte Werbeanzeigen. Das Cookie enth\u00e4lt eine einzigartige ID, die Google benutzt, um Ihre pers\u00f6nlichen Einstellungen f\u00fcr Werbezwecke zu sammeln.<br><strong>Ablaufdatum:<\/strong>&nbsp;nach 6 Monaten<\/p>\n\n\n\n<p><strong>Anmerkung:<\/strong>&nbsp;Wir k\u00f6nnen bei den Angaben der gespeicherten Daten keine Vollst\u00e4ndigkeit gew\u00e4hrleisten. Speziell bei der Verwendung von Cookies sind Ver\u00e4nderungen nie auszuschlie\u00dfen. Um das Cookie NID zu identifizieren, wurde eine eigene Testseite angelegt, wo ausschlie\u00dflich Google Maps eingebunden war.<\/p>\n\n\n\n<h3 class=\"wp-block-heading\">Wie lange und wo werden die Daten gespeichert?<\/h3>\n\n\n\n<p>Die Google-Server stehen in Rechenzentren auf der ganzen Welt. Die meisten Server befinden sich allerdings in Amerika. Aus diesem Grund werden Ihre Daten auch vermehrt in den USA gespeichert. Hier k\u00f6nnen Sie genau nachlesen wo sich die Google-Rechenzentren befinden:&nbsp;<a href=\"https:\/\/www.google.com\/about\/datacenters\/inside\/locations\/?hl=de\" target=\"_blank\" rel=\"noreferrer noopener\">https:\/\/www.google.com\/about\/datacenters\/inside\/locations\/?hl=de<\/a><\/p>\n\n\n\n<p>Die Daten verteilt Google auf verschiedenen Datentr\u00e4gern. Dadurch sind die Daten schneller abrufbar und werden vor etwaigen Manipulationsversuchen besser gesch\u00fctzt. Jedes Rechenzentrum hat auch spezielle Notfallprogramme. Wenn es zum Beispiel Probleme bei der Google-Hardware gibt oder eine Naturkatastrophe die Server lahm legt, bleiben die Daten ziemlich sicher trotzdem gesch\u00fctzt.<\/p>\n\n\n\n<p>Manche Daten speichert Google f\u00fcr einen festgelegten Zeitraum. Bei anderen Daten bietet Google lediglich die M\u00f6glichkeit, diese manuell zu l\u00f6schen. Weiters anonymisiert das Unternehmen auch Informationen (wie zum Beispiel Werbedaten) in Serverprotokollen, indem es einen Teil der IP-Adresse und Cookie-Informationen nach 9 bzw.18 Monaten l\u00f6scht.<\/p>\n\n\n\n<h3 class=\"wp-block-heading\">Wie kann ich meine Daten l\u00f6schen bzw. die Datenspeicherung verhindern?<\/h3>\n\n\n\n<p>Mit der 2019 eingef\u00fchrten automatischen L\u00f6schfunktion von Standort- und Aktivit\u00e4tsdaten werden Informationen zur Standortbestimmung und Web-\/App-Aktivit\u00e4t \u2013 abh\u00e4ngig von Ihrer Entscheidung \u2013 entweder 3 oder 18 Monate gespeichert und dann gel\u00f6scht. Zudem kann man diese Daten \u00fcber das Google-Konto auch jederzeit manuell aus dem Verlauf l\u00f6schen. Wenn Sie Ihre Standorterfassung vollst\u00e4ndig verhindern wollen, m\u00fcssen Sie im Google-Konto die Rubrik \u201eWeb- und App-Aktivit\u00e4t\u201c pausieren. Klicken Sie \u201eDaten und Personalisierung\u201c und dann auf die Option \u201eAktivit\u00e4tseinstellung\u201c. Hier k\u00f6nnen Sie die Aktivit\u00e4ten ein- oder ausschalten.<\/p>\n\n\n\n<p>In Ihrem Browser k\u00f6nnen Sie weiters auch einzelne Cookies deaktivieren, l\u00f6schen oder verwalten. Je nach dem welchen Browser Sie verwenden, funktioniert dies immer etwas anders. Die folgenden Anleitungen zeigen, wie Sie Cookies in Ihrem Browser verwalten:<\/p>\n\n\n\n<p><a href=\"https:\/\/support.google.com\/chrome\/answer\/95647?tid=311216575\" target=\"_blank\" rel=\"noreferrer noopener\">Chrome: Cookies in Chrome l\u00f6schen, aktivieren und verwalten<\/a><\/p>\n\n\n\n<p><a href=\"https:\/\/support.apple.com\/de-at\/guide\/safari\/sfri11471\/mac?tid=311216575\" target=\"_blank\" rel=\"noreferrer noopener\">Safari: Verwalten von Cookies und Websitedaten mit Safari<\/a><\/p>\n\n\n\n<p><a href=\"https:\/\/support.mozilla.org\/de\/kb\/cookies-und-website-daten-in-firefox-loschen?tid=311216575\" target=\"_blank\" rel=\"noreferrer noopener\">Firefox: Cookies l\u00f6schen, um Daten zu entfernen, die Websites auf Ihrem Computer abgelegt haben<\/a><\/p>\n\n\n\n<p><a href=\"https:\/\/support.microsoft.com\/de-at\/help\/17442\/windows-internet-explorer-delete-manage-cookies?tid=311216575\" target=\"_blank\" rel=\"noreferrer noopener\">Internet Explorer: L\u00f6schen und Verwalten von Cookies<\/a><\/p>\n\n\n\n<p><a href=\"https:\/\/support.microsoft.com\/de-at\/help\/4027947\/windows-delete-cookies?tid=311216575\" target=\"_blank\" rel=\"noreferrer noopener\">Microsoft Edge: L\u00f6schen und Verwalten von Cookies<\/a><\/p>\n\n\n\n<p>Falls Sie grunds\u00e4tzlich keine Cookies haben wollen, k\u00f6nnen Sie Ihren Browser so einrichten, dass er Sie immer informiert, wenn ein Cookie gesetzt werden soll. So k\u00f6nnen Sie bei jedem einzelnen Cookie entscheiden, ob Sie es erlauben oder nicht.<\/p>\n\n\n\n<p>Google ist aktiver Teilnehmer beim EU-U.S. Privacy Shield Framework, wodurch der korrekte und sichere Datentransfer pers\u00f6nlicher Daten geregelt wird. Mehr Informationen dazu finden Sie auf&nbsp;<a href=\"https:\/\/www.privacyshield.gov\/participant?id=a2zt000000001L5AAI\" target=\"_blank\" rel=\"noreferrer noopener\">https:\/\/www.privacyshield.gov\/participant?id=a2zt000000001L5AAI<\/a>. Wenn Sie mehr \u00fcber die Datenverarbeitung von Google erfahren wollen, empfehlen wir Ihnen die hauseigene Datenschutzerkl\u00e4rung des Unternehmens unter&nbsp;<a href=\"https:\/\/policies.google.com\/privacy?hl=de\" target=\"_blank\" rel=\"noreferrer noopener\">https:\/\/policies.google.com\/privacy?hl=de<\/a>.<\/p>\n\n\n\n<h2 class=\"wp-block-heading\">Google Fonts Datenschutzerkl\u00e4rung<\/h2>\n\n\n\n<p>Auf unserer Website verwenden wir Google Fonts. Das sind die \u201cGoogle-Schriften\u201d der Firma Google Inc. F\u00fcr den europ\u00e4ischen Raum ist das Unternehmen Google Ireland Limited (Gordon House, Barrow Street Dublin 4, Irland) f\u00fcr alle Google-Dienste verantwortlich.<\/p>\n\n\n\n<p>F\u00fcr die Verwendung von Google-Schriftarten m\u00fcssen Sie sich nicht anmelden bzw. ein Passwort hinterlegen. Weiters werden auch keine Cookies in Ihrem Browser gespeichert. Die Dateien (CSS, Schriftarten\/Fonts) werden \u00fcber die Google-Domains fonts.googleapis.com und fonts.gstatic.com angefordert. Laut Google sind die Anfragen nach CSS und Schriften vollkommen getrennt von allen anderen Google-Diensten. Wenn Sie ein Google-Konto haben, brauchen Sie keine Sorge haben, dass Ihre Google-Kontodaten, w\u00e4hrend der Verwendung von Google Fonts, an Google \u00fcbermittelt werden. Google erfasst die Nutzung von CSS (Cascading Style Sheets) und der verwendeten Schriftarten und speichert diese Daten sicher. Wie die Datenspeicherung genau aussieht, werden wir uns noch im Detail ansehen.<\/p>\n\n\n\n<h3 class=\"wp-block-heading\">Was sind Google Fonts?<\/h3>\n\n\n\n<p>Google Fonts (fr\u00fcher Google Web Fonts) ist ein Verzeichnis mit \u00fcber 800 Schriftarten, die&nbsp;<a href=\"https:\/\/de.wikipedia.org\/wiki\/Google_LLC?tid=311216575\">Google<\/a>&nbsp;seinen Nutzern kostenlos zu Verf\u00fcgung stellt.<\/p>\n\n\n\n<p>Viele dieser Schriftarten sind unter der&nbsp;SIL Open Font License&nbsp;ver\u00f6ffentlicht, w\u00e4hrend andere unter der&nbsp;Apache-Lizenz&nbsp;ver\u00f6ffentlicht wurden. Beides sind&nbsp;freie Software-Lizenzen.<\/p>\n\n\n\n<h3 class=\"wp-block-heading\">Warum verwenden wir Google Fonts auf unserer Webseite?<\/h3>\n\n\n\n<p>Mit Google Fonts k\u00f6nnen wir auf unserer eigenen Webseite Schriften nutzen, doch m\u00fcssen sie nicht auf unseren eigenen Server hochladen. Google Fonts ist ein wichtiger Baustein, um die Qualit\u00e4t unserer Webseite hoch zu halten. Alle Google-Schriften sind automatisch f\u00fcr das Web optimiert und dies spart Datenvolumen und ist speziell f\u00fcr die Verwendung mit mobilen Endger\u00e4ten ein gro\u00dfer Vorteil. Wenn Sie unsere Seite besuchen, sorgt die niedrige Dateigr\u00f6\u00dfe f\u00fcr eine schnelle Ladezeit. Des Weiteren sind Google Fonts sichere Web Fonts. Unterschiedliche Bildsynthese-Systeme (Rendering) in verschiedenen Browsern, Betriebssystemen und mobilen Endger\u00e4ten k\u00f6nnen zu Fehlern f\u00fchren. Solche Fehler k\u00f6nnen teilweise Texte bzw. ganze Webseiten optisch verzerren. Dank des schnellen Content Delivery Networks (CDN) gibt es mit Google Fonts keine plattform\u00fcbergreifenden Probleme. Google Fonts unterst\u00fctzt alle g\u00e4ngigen Browser (Google Chrome,&nbsp;Mozilla Firefox,&nbsp;Apple Safari,&nbsp;Opera) und funktioniert zuverl\u00e4ssig auf den meisten modernen mobilen Betriebssystemen, einschlie\u00dflich Android 2.2+ und iOS 4.2+ (iPhone, iPad, iPod). Wir verwenden die Google Fonts also, damit wir unser gesamtes Online-Service so sch\u00f6n und einheitlich wie m\u00f6glich darstellen k\u00f6nnen.<\/p>\n\n\n\n<h3 class=\"wp-block-heading\">Welche Daten werden von Google gespeichert?<\/h3>\n\n\n\n<p>Wenn Sie unsere Webseite besuchen, werden die Schriften \u00fcber einen Google-Server nachgeladen. Durch diesen externen Aufruf werden Daten an die Google-Server \u00fcbermittelt. So erkennt Google auch, dass Sie bzw. Ihre IP-Adresse unsere Webseite besuchen. Die Google Fonts API wurde entwickelt, um Verwendung, Speicherung und Erfassung von Endnutzerdaten auf das zu reduzieren, was f\u00fcr eine ordentliche Bereitstellung von Schriften n\u00f6tig ist.&nbsp;API steht \u00fcbrigens f\u00fcr \u201eApplication Programming Interface\u201c und dient unter anderem als Daten\u00fcbermittler im Softwarebereich.<\/p>\n\n\n\n<p>Google Fonts speichert CSS- und Schrift-Anfragen sicher bei Google und ist somit gesch\u00fctzt.&nbsp;Durch die gesammelten Nutzungszahlen kann Google feststellen, wie gut die einzelnen Schriften ankommen. Die Ergebnisse ver\u00f6ffentlicht Google auf internen Analyseseiten, wie beispielsweise Google Analytics. Zudem verwendet Google auch Daten des eigenen Web-Crawlers, um festzustellen, welche Webseiten Google-Schriften verwenden. Diese Daten werden in der BigQuery-Datenbank von Google Fonts ver\u00f6ffentlicht. Unternehmer und Entwickler n\u00fctzen das Google-Webservice&nbsp;BigQuery, um gro\u00dfe Datenmengen untersuchen und bewegen zu k\u00f6nnen.<\/p>\n\n\n\n<p>Zu bedenken gilt allerdings noch, dass durch jede Google Font Anfrage auch Informationen wie&nbsp;Spracheinstellungen, IP-Adresse, Version des Browsers, Bildschirmaufl\u00f6sung des Browsers und Name des Browsers automatisch an die Google-Server \u00fcbertragen werden. Ob diese Daten auch gespeichert werden, ist nicht klar feststellbar bzw. wird von Google nicht eindeutig kommuniziert.<\/p>\n\n\n\n<h3 class=\"wp-block-heading\">Wie lange und wo werden die Daten gespeichert?<\/h3>\n\n\n\n<p>Anfragen f\u00fcr CSS-Assets speichert Google einen Tag lang auf seinen Servern, die haupts\u00e4chlich au\u00dferhalb der EU angesiedelt sind. Das erm\u00f6glicht uns, mithilfe eines Google-Stylesheets die Schriftarten zu nutzen. Ein Stylesheet ist eine Formatvorlage, \u00fcber die man einfach und schnell z.B. das Design bzw. die Schriftart einer Webseite \u00e4ndern kann.<\/p>\n\n\n\n<p>Die Font-Dateien werden bei Google ein Jahr gespeichert. Google verfolgt damit das Ziel, die Ladezeit von Webseiten grunds\u00e4tzlich zu verbessern. Wenn Millionen von Webseiten auf die gleichen Schriften verweisen, werden sie nach dem ersten Besuch zwischengespeichert und erscheinen sofort auf allen anderen sp\u00e4ter besuchten Webseiten wieder. Manchmal aktualisiert Google Schriftdateien, um die Dateigr\u00f6\u00dfe zu reduzieren, die Abdeckung von Sprache zu erh\u00f6hen und das Design zu verbessern.<\/p>\n\n\n\n<h3 class=\"wp-block-heading\">Wie kann ich meine Daten l\u00f6schen bzw. die Datenspeicherung verhindern?<\/h3>\n\n\n\n<p>Jene Daten, die Google f\u00fcr einen Tag bzw. ein Jahr speichert k\u00f6nnen nicht einfach gel\u00f6scht werden. Die Daten werden beim Seitenaufruf automatisch an Google \u00fcbermittelt. Um diese Daten vorzeitig l\u00f6schen zu k\u00f6nnen, m\u00fcssen Sie den Google-Support auf&nbsp;<a href=\"https:\/\/support.google.com\/?hl=de&amp;tid=311216575\">https:\/\/support.google.com\/?hl=de&amp;tid=311216575<\/a>&nbsp;kontaktieren. Datenspeicherung verhindern Sie in diesem Fall nur, wenn Sie unsere Seite nicht besuchen.<\/p>\n\n\n\n<p>Anders als andere Web-Schriften erlaubt uns Google uneingeschr\u00e4nkten Zugriff auf alle Schriftarten. Wir k\u00f6nnen also unlimitiert auf ein Meer an Schriftarten zugreifen und so das Optimum f\u00fcr unsere Webseite rausholen. Mehr zu Google Fonts und weiteren Fragen finden Sie auf&nbsp;<a href=\"https:\/\/developers.google.com\/fonts\/faq?tid=311216575\">https:\/\/developers.google.com\/fonts\/faq?tid=311216575<\/a>. Dort geht zwar Google auf datenschutzrelevante Angelegenheiten ein, doch wirklich detaillierte Informationen \u00fcber Datenspeicherung sind nicht enthalten. Es ist relativ schwierig, von Google wirklich pr\u00e4zise Informationen \u00fcber gespeicherten Daten zu bekommen.<\/p>\n\n\n\n<p>Welche Daten grunds\u00e4tzlich von Google erfasst werden und wof\u00fcr diese Daten verwendet werden, k\u00f6nnen Sie auch auf&nbsp;<a href=\"https:\/\/policies.google.com\/privacy?hl=de&amp;tid=311216575\">https:\/\/www.google.com\/intl\/de\/policies\/privacy\/<\/a>&nbsp;nachlesen.<\/p>\n\n\n\n<p>Quelle: Erstellt&nbsp;mit dem&nbsp;<a href=\"https:\/\/www.adsimple.de\/datenschutz-generator\/\" target=\"_blank\" rel=\"noreferrer noopener\">Datenschutz Generator<\/a>&nbsp;von AdSimple&nbsp;in Kooperation mit&nbsp;<a href=\"https:\/\/www.slashtechnik.de\/\" target=\"_blank\" rel=\"noreferrer noopener\">slashtechnik.de<\/a><\/p>\n","protected":false},"excerpt":{"rendered":"<p>Verantwortliche Stelle im Sinne der Datenschutzgesetze, insbesondere der EU-Datenschutzgrundverordnung (DSGVO), ist: Dreherei Bott Inhaber J\u00fcrgen Bott Ihre BetroffenenrechteUnter den angegebenen Kontaktdaten unseres Datenschutzbeauftragten k\u00f6nnen Sie jederzeit folgende Rechte aus\u00fcben: Auskunft &#8230;<\/p>\n","protected":false},"author":1,"featured_media":0,"parent":0,"menu_order":12,"comment_status":"closed","ping_status":"closed","template":"","meta":{"footnotes":""},"class_list":["post-69","page","type-page","status-publish","hentry"],"_links":{"self":[{"href":"https:\/\/dreherei-bott.de\/index.php?rest_route=\/wp\/v2\/pages\/69","targetHints":{"allow":["GET"]}}],"collection":[{"href":"https:\/\/dreherei-bott.de\/index.php?rest_route=\/wp\/v2\/pages"}],"about":[{"href":"https:\/\/dreherei-bott.de\/index.php?rest_route=\/wp\/v2\/types\/page"}],"author":[{"embeddable":true,"href":"https:\/\/dreherei-bott.de\/index.php?rest_route=\/wp\/v2\/users\/1"}],"replies":[{"embeddable":true,"href":"https:\/\/dreherei-bott.de\/index.php?rest_route=%2Fwp%2Fv2%2Fcomments&post=69"}],"version-history":[{"count":3,"href":"https:\/\/dreherei-bott.de\/index.php?rest_route=\/wp\/v2\/pages\/69\/revisions"}],"predecessor-version":[{"id":194,"href":"https:\/\/dreherei-bott.de\/index.php?rest_route=\/wp\/v2\/pages\/69\/revisions\/194"}],"wp:attachment":[{"href":"https:\/\/dreherei-bott.de\/index.php?rest_route=%2Fwp%2Fv2%2Fmedia&parent=69"}],"curies":[{"name":"wp","href":"https:\/\/api.w.org\/{rel}","templated":true}]}}