{"id":27,"date":"2020-09-26T11:45:51","date_gmt":"2020-09-26T11:45:51","guid":{"rendered":"https:\/\/dreherei-bott.de\/?page_id=27"},"modified":"2020-09-27T15:19:56","modified_gmt":"2020-09-27T15:19:56","slug":"maschinenpark","status":"publish","type":"page","link":"https:\/\/dreherei-bott.de\/?page_id=27","title":{"rendered":"Maschinenpark"},"content":{"rendered":"\n<p>Unser Maschinenpark umfasst unter anderem ein Bearbeitungszentrum, mit dem wir in der Lage sind folgende Ma\u00dfe zu fahren, um so Ihr gew\u00fcnschtes Bauteil in Serie zu fertigen: X=762mm, Y=406mm, Z=508mm.<\/p>\n\n\n\n<p>Zudem zwei Drehmaschinen mit denen wir Durchmesser bis maximal 170 mm und 200 mm bearbeiten k\u00f6nnen.<\/p>\n\n\n\n<p>Zus\u00e4tzlich k\u00f6nnen wir mit einem weiteren Drehautomaten, mittels eines Stangenladers gr\u00f6\u00dfere Serien bis maximal 50 mm Durchmesser fertigen.<\/p>\n\n\n\n<figure class=\"wp-block-image size-large\"><img loading=\"lazy\" decoding=\"async\" width=\"1024\" height=\"262\" src=\"https:\/\/dreherei-bott.de\/wp-content\/uploads\/2020\/09\/12-1024x262.jpg\" alt=\"\" class=\"wp-image-183\" srcset=\"https:\/\/dreherei-bott.de\/wp-content\/uploads\/2020\/09\/12-1024x262.jpg 1024w, https:\/\/dreherei-bott.de\/wp-content\/uploads\/2020\/09\/12-300x77.jpg 300w, https:\/\/dreherei-bott.de\/wp-content\/uploads\/2020\/09\/12-768x196.jpg 768w, https:\/\/dreherei-bott.de\/wp-content\/uploads\/2020\/09\/12-1536x392.jpg 1536w, https:\/\/dreherei-bott.de\/wp-content\/uploads\/2020\/09\/12-1200x306.jpg 1200w, https:\/\/dreherei-bott.de\/wp-content\/uploads\/2020\/09\/12.jpg 2048w\" sizes=\"auto, (max-width: 1024px) 100vw, 1024px\" \/><\/figure>\n\n\n\n<hr class=\"wp-block-separator\"\/>\n","protected":false},"excerpt":{"rendered":"<p>Unser Maschinenpark umfasst unter anderem ein Bearbeitungszentrum, mit dem wir in der Lage sind folgende Ma\u00dfe zu fahren, um so Ihr gew\u00fcnschtes Bauteil in Serie zu fertigen: X=762mm, Y=406mm, Z=508mm. &#8230;<\/p>\n","protected":false},"author":1,"featured_media":0,"parent":0,"menu_order":8,"comment_status":"closed","ping_status":"closed","template":"","meta":{"footnotes":""},"class_list":["post-27","page","type-page","status-publish","hentry"],"_links":{"self":[{"href":"https:\/\/dreherei-bott.de\/index.php?rest_route=\/wp\/v2\/pages\/27","targetHints":{"allow":["GET"]}}],"collection":[{"href":"https:\/\/dreherei-bott.de\/index.php?rest_route=\/wp\/v2\/pages"}],"about":[{"href":"https:\/\/dreherei-bott.de\/index.php?rest_route=\/wp\/v2\/types\/page"}],"author":[{"embeddable":true,"href":"https:\/\/dreherei-bott.de\/index.php?rest_route=\/wp\/v2\/users\/1"}],"replies":[{"embeddable":true,"href":"https:\/\/dreherei-bott.de\/index.php?rest_route=%2Fwp%2Fv2%2Fcomments&post=27"}],"version-history":[{"count":13,"href":"https:\/\/dreherei-bott.de\/index.php?rest_route=\/wp\/v2\/pages\/27\/revisions"}],"predecessor-version":[{"id":191,"href":"https:\/\/dreherei-bott.de\/index.php?rest_route=\/wp\/v2\/pages\/27\/revisions\/191"}],"wp:attachment":[{"href":"https:\/\/dreherei-bott.de\/index.php?rest_route=%2Fwp%2Fv2%2Fmedia&parent=27"}],"curies":[{"name":"wp","href":"https:\/\/api.w.org\/{rel}","templated":true}]}}