{"id":18,"date":"2020-09-26T11:30:48","date_gmt":"2020-09-26T11:30:48","guid":{"rendered":"https:\/\/dreherei-bott.de\/?page_id=18"},"modified":"2020-09-27T14:18:05","modified_gmt":"2020-09-27T14:18:05","slug":"wir-ueber-uns","status":"publish","type":"page","link":"https:\/\/dreherei-bott.de\/?page_id=18","title":{"rendered":"Wir \u00fcber uns"},"content":{"rendered":"\n<p>Die Dreherei Bott ist seit 1989 auf dem Gebiet der Zerspanung t\u00e4tig.<\/p>\n\n\n\n<p>Seit 1996 umfasst unser Maschinenpark vor allem CNC- gesteuerte Werkzeugmaschinen. Dadurch k\u00f6nnen Kundenw\u00fcnsche pr\u00e4zise und termingerecht ausgef\u00fchrt werden. Wir fertigen Einzelteile, Kleinserien und komplette Baugruppen.<\/p>\n\n\n\n<p>Mit unseren CNC-gesteuerten Werkzeugmaschinen k\u00f6nnen wir Aluminium, Stahl-und Edelstahl, Kupfer, Messing und Kunstoffe bearbeiten. <\/p>\n\n\n\n<p>Galvanische Oberfl\u00e4chenbearbeitung, Schleifen sowie Kanten und Lasern der Werkst\u00fccke k\u00f6nnen in Kooperation mit unseren Vertragspartnern angeboten werden.<\/p>\n\n\n\n<hr class=\"wp-block-separator\"\/>\n","protected":false},"excerpt":{"rendered":"<p>Die Dreherei Bott ist seit 1989 auf dem Gebiet der Zerspanung t\u00e4tig. Seit 1996 umfasst unser Maschinenpark vor allem CNC- gesteuerte Werkzeugmaschinen. Dadurch k\u00f6nnen Kundenw\u00fcnsche pr\u00e4zise und termingerecht ausgef\u00fchrt werden. &#8230;<\/p>\n","protected":false},"author":1,"featured_media":0,"parent":0,"menu_order":7,"comment_status":"closed","ping_status":"closed","template":"","meta":{"footnotes":""},"class_list":["post-18","page","type-page","status-publish","hentry"],"_links":{"self":[{"href":"https:\/\/dreherei-bott.de\/index.php?rest_route=\/wp\/v2\/pages\/18","targetHints":{"allow":["GET"]}}],"collection":[{"href":"https:\/\/dreherei-bott.de\/index.php?rest_route=\/wp\/v2\/pages"}],"about":[{"href":"https:\/\/dreherei-bott.de\/index.php?rest_route=\/wp\/v2\/types\/page"}],"author":[{"embeddable":true,"href":"https:\/\/dreherei-bott.de\/index.php?rest_route=\/wp\/v2\/users\/1"}],"replies":[{"embeddable":true,"href":"https:\/\/dreherei-bott.de\/index.php?rest_route=%2Fwp%2Fv2%2Fcomments&post=18"}],"version-history":[{"count":7,"href":"https:\/\/dreherei-bott.de\/index.php?rest_route=\/wp\/v2\/pages\/18\/revisions"}],"predecessor-version":[{"id":130,"href":"https:\/\/dreherei-bott.de\/index.php?rest_route=\/wp\/v2\/pages\/18\/revisions\/130"}],"wp:attachment":[{"href":"https:\/\/dreherei-bott.de\/index.php?rest_route=%2Fwp%2Fv2%2Fmedia&parent=18"}],"curies":[{"name":"wp","href":"https:\/\/api.w.org\/{rel}","templated":true}]}}