{"id":139,"date":"2020-09-27T12:18:45","date_gmt":"2020-09-27T12:18:45","guid":{"rendered":"https:\/\/dreherei-bott.de\/?page_id=139"},"modified":"2020-09-27T14:18:31","modified_gmt":"2020-09-27T14:18:31","slug":"agbs","status":"publish","type":"page","link":"https:\/\/dreherei-bott.de\/?page_id=139","title":{"rendered":"AGB&#8217;s"},"content":{"rendered":"\n<p>Allgemeine Gesch\u00e4ftsbedingungen der Firma Dreherei Bott<\/p>\n\n\n\n<p class=\"has-text-align-left\">1.\u00a0Allgemeines<br>(1)Unsere Verkaufsbedingungen gelten ausschlie\u00dflich; entgegenstehende oder von unseren Verkaufsbedingungen abweichende Bedingungen des Bestellers erkennen wir nicht an, es sei denn, wir hatten ausdr\u00fccklich schriftlich ihrer Geltung zugestimmt. Unsere Verkaufsbedingungen gelten auch dann, wenn wir in Kenntnis entgegenstehender oder von unseren Verkaufsbedingungen abweichender Bedingungen des Bestellers die Lieferung an den Besteller vorbehaltlos ausf\u00fchren.<br>(2)Alle Vereinbarungen, die zwischen uns und dem Besteller zur Ausf\u00fchrung dieses Vertrages getroffen werden, sind schriftlich niederzulegen. M\u00fcndliche Abreden bed\u00fcrfen zu ihrer Wirksamkeit unserer schriftlichen Best\u00e4tigung.<\/p>\n\n\n\n<p>2.\u00a0Angebote<br>Unsere Angebote sind freibleibend.<\/p>\n\n\n\n<p class=\"has-text-align-left\">3. Preise und Zahlungsbedingungen<br>(1)Sofern sich aus der Auftragsbest\u00e4tigung nichts anderes ergibt, gelten unsere Preise- zuz\u00fcglich gesetzlicher Mehrwertsteuer- ab Werk einschlie\u00dflich Verpackung.<br>(2)Wir behalten uns das Recht vor, unsere Preise entsprechend zu erh\u00f6hen, wenn nach Abschluss des Vertrages Kostenerh\u00f6hungen, insbesondere durch Tarifabschl\u00fcsse oder Materialpreissteigerungen eintreten. Diese werden wir dem Besteller auf Verlangen nachweisen. Erh\u00f6ht sich der Netto-Preis durch Kostenerh\u00f6hungen um mehr als 20 %, kann der Besteller innerhalb von 7 Tagen von dem Vertrag zur\u00fccktreten.<br>(3)Sofern sich aus der Auftragsbest\u00e4tigung nichts anderes ergibt, ist der Kaufpreis netto ( ohne Abzug ) innerhalb von 30 Tagen ab Rechnungsdatum zur Zahlung f\u00e4llig. Der Abzug von Skonto bedarf gesonderter schriftlicher Vereinbarung.<br>(4)Aufrechnungsrechte stehen dem Besteller nur zu, wenn seine Gegenanspr\u00fcche rechtskr\u00e4ftig festgestellt, unbestritten oder von uns anerkannt sind. Au\u00dferdem ist er zur Aus\u00fcbung eines Zur\u00fcckbehaltungsrechts nur insoweit befugt, als sein Gegenanspruch auf dem gleichen Vertragsverh\u00e4ltnis beruht.<br>\u00a0\u00a0\u00a0\u00a0\u00a0\u00a0\u00a0\u00a0<br>4.\u00a0 Lieferzeit<br>(1)\u00a0Der Beginn der von uns angegebenen Lieferzeit setzt die Abkl\u00e4rung aller technischer Fragen voraus.Die Einhaltung setzt weiter die rechtzeitige und ordnungsgem\u00e4\u00dfe Erf\u00fcllung der Verpflichtung des Bestellers voraus.<br>(2) Kommt der Besteller in Annahmeverzug oder verletzt er schuldhaft sonstige<br>Mitwirkungspflichten, so sind wir berechtigt, den uns insoweit entstehenden Schaden<br>einschlie\u00dflich etwaiger Mehraufwendungen ersetzt zu verlangen. Weitergehende Anspr\u00fcche\u00a0\u00a0 bleiben vorbehalten.<br>(3)\u00a0Sofern die Voraussetzungen von Absatz (2) vorliegen, geht die Gefahr eines zuf\u00e4lligen<br>Untergangs oder einer zuf\u00e4lligen Verschlechterung der Kaufsache in dem Zeitpunkt auf den Besteller \u00fcber, in dem dieser in Annahme- oder Schuldnerverzug geraten ist.<br><\/p>\n\n\n\n<p>5.\u00a0Gefahr\u00fcbergang<br>Sofern sich aus der Auftragsbest\u00e4tigung nichts anderes ergibt, ist die Lieferung ab Werk\u00a0 vereinbart. Dies gilt auch dann, wenn die Transportkosten von uns \u00fcbernommen werden. Das Abschlie\u00dfen einer Transportversicherung obliegt dem Besteller. Dieser tr\u00e4gt auch die Kosten der Transportversicherung<\/p>\n\n\n\n<p>6. M\u00e4ngelgew\u00e4hrleistung<br>(1)Die M\u00e4ngelanspr\u00fcche des Bestellers setzen voraus, dass dieser seinen nach \u00a7\u00a0<a rel=\"noreferrer noopener\" href=\"tel:377\" target=\"_blank\">377<\/a>\u00a0HGB geschuldeten Untersuchungs- und R\u00fcgeobliegenheiten ordnungsgem\u00e4\u00df nachgekommen ist.<br>(2)Soweit ein Mangel der Kaufsache vorliegt, sind wir nach unserer Wahl zur Nacherf\u00fcllung in Form einer Mangelbeseitigung oder zur Lieferung einer neuen mangelfreien Sache berechtigt.<br>(3)Der Besteller ist verpflichtet, seinen Nebenpflichten aus dem Liefervertrag nachzukommen und insbesondere im Rahmen der Nacherf\u00fcllung oder der R\u00fcckabwicklung die Kaufsache den gesetzlichen Regelungen entsprechend sorgf\u00e4ltig zu behandeln.<br>(4)Die M\u00e4ngelanspr\u00fcche verj\u00e4hren innerhalb von 2 Jahren ab Gefahr\u00fcbergang.<\/p>\n\n\n\n<p>7. Eigentumsvorbehalt<br>Wir behalten uns das Eigentum an der Kaufsache bis zum Eingang aller Zahlungen aus dem\u00a0Liefervertrag vor.<\/p>\n\n\n\n<p>8. Gerichtsstand \u2013 Erf\u00fcllungsort<br>(1)Gerichtsstand f\u00fcr alle sich aus dem Vertrag ergebenden Rechtsstreitigkeiten ist Mannheim, sofern der Besteller Kaufmann ist. Wir sind jedoch berechtigt, den Besteller auch an seinem allgemeinen\u00a0 Gerichtsstand zu verklagen.<br>(2)Auf den Vertrag findet das Recht der Bundesrepublik Deutschland Anwendung.<br>(3)Sofern sich aus der Auftragsbest\u00e4tigung nichts anderes ergibt, ist unser Gesch\u00e4ftssitz Erf\u00fcllungsort.<\/p>\n","protected":false},"excerpt":{"rendered":"<p>Allgemeine Gesch\u00e4ftsbedingungen der Firma Dreherei Bott 1.\u00a0Allgemeines(1)Unsere Verkaufsbedingungen gelten ausschlie\u00dflich; entgegenstehende oder von unseren Verkaufsbedingungen abweichende Bedingungen des Bestellers erkennen wir nicht an, es sei denn, wir hatten ausdr\u00fccklich schriftlich &#8230;<\/p>\n","protected":false},"author":1,"featured_media":0,"parent":0,"menu_order":10,"comment_status":"closed","ping_status":"closed","template":"","meta":{"footnotes":""},"class_list":["post-139","page","type-page","status-publish","hentry"],"_links":{"self":[{"href":"https:\/\/dreherei-bott.de\/index.php?rest_route=\/wp\/v2\/pages\/139","targetHints":{"allow":["GET"]}}],"collection":[{"href":"https:\/\/dreherei-bott.de\/index.php?rest_route=\/wp\/v2\/pages"}],"about":[{"href":"https:\/\/dreherei-bott.de\/index.php?rest_route=\/wp\/v2\/types\/page"}],"author":[{"embeddable":true,"href":"https:\/\/dreherei-bott.de\/index.php?rest_route=\/wp\/v2\/users\/1"}],"replies":[{"embeddable":true,"href":"https:\/\/dreherei-bott.de\/index.php?rest_route=%2Fwp%2Fv2%2Fcomments&post=139"}],"version-history":[{"count":1,"href":"https:\/\/dreherei-bott.de\/index.php?rest_route=\/wp\/v2\/pages\/139\/revisions"}],"predecessor-version":[{"id":140,"href":"https:\/\/dreherei-bott.de\/index.php?rest_route=\/wp\/v2\/pages\/139\/revisions\/140"}],"wp:attachment":[{"href":"https:\/\/dreherei-bott.de\/index.php?rest_route=%2Fwp%2Fv2%2Fmedia&parent=139"}],"curies":[{"name":"wp","href":"https:\/\/api.w.org\/{rel}","templated":true}]}}